{"id":9,"date":"2018-11-23T21:44:00","date_gmt":"2018-11-23T21:44:00","guid":{"rendered":"https:\/\/mmaksimovic.uniri.hr\/?page_id=9"},"modified":"2022-11-07T11:42:28","modified_gmt":"2022-11-07T11:42:28","slug":"naslovna","status":"publish","type":"page","link":"https:\/\/mmaksimovic.uniri.hr\/","title":{"rendered":""},"content":{"rendered":"<table style=\"width: 100%;\">\n<tbody>\n<tr>\n<td><img loading=\"lazy\" class=\"alignnone size-full wp-image-24\" src=\"https:\/\/mmaksimovic.uniri.hr\/wp-content\/uploads\/2018\/11\/slika-e1543176228637.png\" alt=\"\" width=\"200\" height=\"197\" \/>\u200b<\/td>\n<td>dr.sc. Marija Maksimovi\u0107<br \/>\nFakultet za matematiku, Sveu\u010dili\u0161te u Rijeci<br \/>\n<script language=\"JavaScript\" type=\"text\/JavaScript\"><br \/>\nvar em1 = \"mmaksimovic\"<br \/>\nvar em2 = \"@\"<br \/>\nvar em3 = \"math.uniri.hr\"<br \/>\ndocument.write('<a href=\\\"mailto:' + em1 + em2 + em3 +'\\\">email<\/a>');<br \/>\n<\/script><br \/>\nured: O-504<br \/>\ntelefon: 051\/584-665<\/td>\n<\/tr>\n<\/tbody>\n<\/table>\n","protected":false},"excerpt":{"rendered":"<p>\u200b dr.sc. Marija Maksimovi\u0107 Fakultet za matematiku, Sveu\u010dili\u0161te u Rijeci ured: O-504 telefon: 051\/584-665<\/p>\n","protected":false},"author":2,"featured_media":0,"parent":0,"menu_order":0,"comment_status":"closed","ping_status":"closed","template":"","meta":[],"_links":{"self":[{"href":"https:\/\/mmaksimovic.uniri.hr\/index.php?rest_route=\/wp\/v2\/pages\/9"}],"collection":[{"href":"https:\/\/mmaksimovic.uniri.hr\/index.php?rest_route=\/wp\/v2\/pages"}],"about":[{"href":"https:\/\/mmaksimovic.uniri.hr\/index.php?rest_route=\/wp\/v2\/types\/page"}],"author":[{"embeddable":true,"href":"https:\/\/mmaksimovic.uniri.hr\/index.php?rest_route=\/wp\/v2\/users\/2"}],"replies":[{"embeddable":true,"href":"https:\/\/mmaksimovic.uniri.hr\/index.php?rest_route=%2Fwp%2Fv2%2Fcomments&post=9"}],"version-history":[{"count":38,"href":"https:\/\/mmaksimovic.uniri.hr\/index.php?rest_route=\/wp\/v2\/pages\/9\/revisions"}],"predecessor-version":[{"id":379,"href":"https:\/\/mmaksimovic.uniri.hr\/index.php?rest_route=\/wp\/v2\/pages\/9\/revisions\/379"}],"wp:attachment":[{"href":"https:\/\/mmaksimovic.uniri.hr\/index.php?rest_route=%2Fwp%2Fv2%2Fmedia&parent=9"}],"curies":[{"name":"wp","href":"https:\/\/api.w.org\/{rel}","templated":true}]}}