{"id":50,"date":"2018-11-25T20:36:36","date_gmt":"2018-11-25T20:36:36","guid":{"rendered":"https:\/\/mmaksimovic.uniri.hr\/?page_id=50"},"modified":"2022-11-07T12:07:28","modified_gmt":"2022-11-07T12:07:28","slug":"zivotopis","status":"publish","type":"page","link":"https:\/\/mmaksimovic.uniri.hr\/?page_id=50","title":{"rendered":"\u017divotopis"},"content":{"rendered":"<p>Marija Maksimovi\u0107 je ro\u0111ena 1985. godine u Rijeci.\u00a0Zavr\u0161ila je studij Matematike i informatike 2008. na Filozofskom fakultetu u Rijeci. Iste godine upisuje doktorski studij iz matematike na Prirodoslovno-matemati\u010dkom fakultetu u Zagrebu. Doktorirala je 2015. godine sa disertacijom \u201eOrbitne matrice jako regularnih grafova\u201c pod vodstvom mentora dr.sc. Deana Crnkovi\u0107a. Radi na Fakultetu za matematiku, Sveu\u010dili\u0161te u Rijeci kao docent. \u010clanica je \u00a0Alumni kluba Fakulteta za matematiku Sveu\u010dili\u0161ta u Rijeci, Dru\u0161tva matemati\u010dara i fizi\u010dara Rijeka i Seminara za kona\u010dnu matematiku.<br \/>\nU slobodno vrijeme se bavi suvremenim plesom i kazali\u0161tem.<\/p>\n","protected":false},"excerpt":{"rendered":"<p>Marija Maksimovi\u0107 je ro\u0111ena 1985. godine u Rijeci.\u00a0Zavr\u0161ila je studij Matematike i informatike 2008. na Filozofskom fakultetu u Rijeci. Iste godine upisuje doktorski studij iz matematike na Prirodoslovno-matemati\u010dkom fakultetu u Zagrebu. Doktorirala je 2015. godine sa disertacijom \u201eOrbitne matrice jako regularnih grafova\u201c pod vodstvom mentora dr.sc. Deana Crnkovi\u0107a. Radi na Fakultetu za matematiku, Sveu\u010dili\u0161te u &hellip; <\/p>\n<p class=\"link-more\"><a href=\"https:\/\/mmaksimovic.uniri.hr\/?page_id=50\" class=\"more-link\">Nastavi \u010ditati<span class=\"screen-reader-text\"> &#8220;\u017divotopis&#8221;<\/span><\/a><\/p>\n","protected":false},"author":2,"featured_media":0,"parent":0,"menu_order":0,"comment_status":"closed","ping_status":"closed","template":"","meta":[],"_links":{"self":[{"href":"https:\/\/mmaksimovic.uniri.hr\/index.php?rest_route=\/wp\/v2\/pages\/50"}],"collection":[{"href":"https:\/\/mmaksimovic.uniri.hr\/index.php?rest_route=\/wp\/v2\/pages"}],"about":[{"href":"https:\/\/mmaksimovic.uniri.hr\/index.php?rest_route=\/wp\/v2\/types\/page"}],"author":[{"embeddable":true,"href":"https:\/\/mmaksimovic.uniri.hr\/index.php?rest_route=\/wp\/v2\/users\/2"}],"replies":[{"embeddable":true,"href":"https:\/\/mmaksimovic.uniri.hr\/index.php?rest_route=%2Fwp%2Fv2%2Fcomments&post=50"}],"version-history":[{"count":3,"href":"https:\/\/mmaksimovic.uniri.hr\/index.php?rest_route=\/wp\/v2\/pages\/50\/revisions"}],"predecessor-version":[{"id":384,"href":"https:\/\/mmaksimovic.uniri.hr\/index.php?rest_route=\/wp\/v2\/pages\/50\/revisions\/384"}],"wp:attachment":[{"href":"https:\/\/mmaksimovic.uniri.hr\/index.php?rest_route=%2Fwp%2Fv2%2Fmedia&parent=50"}],"curies":[{"name":"wp","href":"https:\/\/api.w.org\/{rel}","templated":true}]}}